{"id":592,"date":"2026-01-15T12:01:24","date_gmt":"2026-01-15T11:01:24","guid":{"rendered":"https:\/\/haag.design\/?post_type=product&#038;p=592"},"modified":"2026-01-15T12:07:01","modified_gmt":"2026-01-15T11:07:01","slug":"anpassat-underlagg","status":"publish","type":"product","link":"https:\/\/haag.design\/en\/store\/anpassat-underlagg\/","title":{"rendered":"Anpassat underl\u00e4gg"},"content":{"rendered":"","protected":false},"excerpt":{"rendered":"<p>Underl\u00e4gg med \u00f6nskat motiv.  Kontakta oss g\u00e4rna innan order f\u00f6r att diskutera vad som \u00e4r m\u00f6jligt.<\/p>","protected":false},"featured_media":0,"comment_status":"open","ping_status":"closed","template":"","meta":[],"product_cat":[23],"product_tag":[],"class_list":["post-592","product","type-product","status-publish","hentry","product_cat-okategoriserad"],"jetpack_sharing_enabled":true,"_links":{"self":[{"href":"https:\/\/haag.design\/en\/wp-json\/wp\/v2\/product\/592","targetHints":{"allow":["GET"]}}],"collection":[{"href":"https:\/\/haag.design\/en\/wp-json\/wp\/v2\/product"}],"about":[{"href":"https:\/\/haag.design\/en\/wp-json\/wp\/v2\/types\/product"}],"replies":[{"embeddable":true,"href":"https:\/\/haag.design\/en\/wp-json\/wp\/v2\/comments?post=592"}],"wp:attachment":[{"href":"https:\/\/haag.design\/en\/wp-json\/wp\/v2\/media?parent=592"}],"wp:term":[{"taxonomy":"product_cat","embeddable":true,"href":"https:\/\/haag.design\/en\/wp-json\/wp\/v2\/product_cat?post=592"},{"taxonomy":"product_tag","embeddable":true,"href":"https:\/\/haag.design\/en\/wp-json\/wp\/v2\/product_tag?post=592"}],"curies":[{"name":"wp","href":"https:\/\/api.w.org\/{rel}","templated":true}]}}