{"id":57,"date":"2023-12-11T14:28:37","date_gmt":"2023-12-11T13:28:37","guid":{"rendered":"https:\/\/haag.design\/?post_type=product&#038;p=57"},"modified":"2025-12-28T15:49:13","modified_gmt":"2025-12-28T14:49:13","slug":"cookie-cutter-minecraft","status":"publish","type":"product","link":"https:\/\/haag.design\/en\/store\/cookie-cutter-minecraft\/","title":{"rendered":"Minecraft cookie-cutter"},"content":{"rendered":"","protected":false},"excerpt":{"rendered":"<p>Paket med 6 st olika formar med minecraft tema. F\u00e4rg kan variera, \u00f6nskas en specifik f\u00e4rg skriv en kommentar i order eller kontakta oss innan order.<\/p>","protected":false},"featured_media":79,"comment_status":"open","ping_status":"closed","template":"","meta":[],"product_cat":[25],"product_tag":[],"class_list":["post-57","product","type-product","status-publish","has-post-thumbnail","hentry","product_cat-kakformar","product_shipping_class-kakformar"],"jetpack_sharing_enabled":true,"_links":{"self":[{"href":"https:\/\/haag.design\/en\/wp-json\/wp\/v2\/product\/57","targetHints":{"allow":["GET"]}}],"collection":[{"href":"https:\/\/haag.design\/en\/wp-json\/wp\/v2\/product"}],"about":[{"href":"https:\/\/haag.design\/en\/wp-json\/wp\/v2\/types\/product"}],"replies":[{"embeddable":true,"href":"https:\/\/haag.design\/en\/wp-json\/wp\/v2\/comments?post=57"}],"wp:featuredmedia":[{"embeddable":true,"href":"https:\/\/haag.design\/en\/wp-json\/wp\/v2\/media\/79"}],"wp:attachment":[{"href":"https:\/\/haag.design\/en\/wp-json\/wp\/v2\/media?parent=57"}],"wp:term":[{"taxonomy":"product_cat","embeddable":true,"href":"https:\/\/haag.design\/en\/wp-json\/wp\/v2\/product_cat?post=57"},{"taxonomy":"product_tag","embeddable":true,"href":"https:\/\/haag.design\/en\/wp-json\/wp\/v2\/product_tag?post=57"}],"curies":[{"name":"wp","href":"https:\/\/api.w.org\/{rel}","templated":true}]}}