{"id":456,"date":"2024-12-10T22:56:09","date_gmt":"2024-12-10T21:56:09","guid":{"rendered":"https:\/\/haag.design\/?post_type=product&#038;p=456"},"modified":"2026-04-27T23:10:50","modified_gmt":"2026-04-27T21:10:50","slug":"anpassad-kakform","status":"publish","type":"product","link":"https:\/\/haag.design\/en\/store\/anpassad-kakform\/","title":{"rendered":"Anpassad kakform"},"content":{"rendered":"","protected":false},"excerpt":{"rendered":"<p>Kakform i tv\u00e5 delar. En yttre som sk\u00e4r ut formen och sedan en inre st\u00e4mpel som g\u00f6r m\u00f6nster. <\/p>\n<p>Skriv \u00f6nskem\u00e5l nedan vad du vill ska vara f\u00f6r kakform. T.ex. ett djur, figur eller fordon. Ta g\u00e4rna kontakt innan s\u00e5 kan vi diskutera vad som g\u00e5r g\u00f6ra.<\/p>\n<p><strong>OBS. F\u00e4rgerna kan variera. \u00d6nskas en specifik f\u00e4rg kan du kontakta oss f\u00f6rst annars tillverkas i f\u00e4rger som \u00e4r i lager. <\/strong><\/p>","protected":false},"featured_media":0,"comment_status":"open","ping_status":"closed","template":"","meta":[],"product_cat":[25],"product_tag":[],"class_list":["post-456","product","type-product","status-publish","hentry","product_cat-kakformar","product_shipping_class-kakformar"],"jetpack_sharing_enabled":true,"_links":{"self":[{"href":"https:\/\/haag.design\/en\/wp-json\/wp\/v2\/product\/456","targetHints":{"allow":["GET"]}}],"collection":[{"href":"https:\/\/haag.design\/en\/wp-json\/wp\/v2\/product"}],"about":[{"href":"https:\/\/haag.design\/en\/wp-json\/wp\/v2\/types\/product"}],"replies":[{"embeddable":true,"href":"https:\/\/haag.design\/en\/wp-json\/wp\/v2\/comments?post=456"}],"wp:attachment":[{"href":"https:\/\/haag.design\/en\/wp-json\/wp\/v2\/media?parent=456"}],"wp:term":[{"taxonomy":"product_cat","embeddable":true,"href":"https:\/\/haag.design\/en\/wp-json\/wp\/v2\/product_cat?post=456"},{"taxonomy":"product_tag","embeddable":true,"href":"https:\/\/haag.design\/en\/wp-json\/wp\/v2\/product_tag?post=456"}],"curies":[{"name":"wp","href":"https:\/\/api.w.org\/{rel}","templated":true}]}}