{"id":396,"date":"2024-12-03T23:21:57","date_gmt":"2024-12-03T22:21:57","guid":{"rendered":"https:\/\/haag.design\/?post_type=product&#038;p=396"},"modified":"2025-12-28T15:48:42","modified_gmt":"2025-12-28T14:48:42","slug":"kakform-hjarta-4","status":"publish","type":"product","link":"https:\/\/haag.design\/en\/store\/kakform-hjarta-4\/","title":{"rendered":"Kakform hj\u00e4rta 4"},"content":{"rendered":"","protected":false},"excerpt":{"rendered":"<p>Kakform i tv\u00e5 delar. En yttre som sk\u00e4r ut formen och sedan en inre st\u00e4mpel som g\u00f6r m\u00f6nster. <\/p>\n<p>OBS. F\u00e4rgerna kan variera. \u00d6nskas en specifik f\u00e4rg kan du kontakta oss f\u00f6rst. <\/p>","protected":false},"featured_media":397,"comment_status":"open","ping_status":"closed","template":"","meta":[],"product_cat":[25],"product_tag":[],"class_list":["post-396","product","type-product","status-publish","has-post-thumbnail","hentry","product_cat-kakformar","product_shipping_class-kakformar"],"jetpack_sharing_enabled":true,"_links":{"self":[{"href":"https:\/\/haag.design\/en\/wp-json\/wp\/v2\/product\/396","targetHints":{"allow":["GET"]}}],"collection":[{"href":"https:\/\/haag.design\/en\/wp-json\/wp\/v2\/product"}],"about":[{"href":"https:\/\/haag.design\/en\/wp-json\/wp\/v2\/types\/product"}],"replies":[{"embeddable":true,"href":"https:\/\/haag.design\/en\/wp-json\/wp\/v2\/comments?post=396"}],"wp:featuredmedia":[{"embeddable":true,"href":"https:\/\/haag.design\/en\/wp-json\/wp\/v2\/media\/397"}],"wp:attachment":[{"href":"https:\/\/haag.design\/en\/wp-json\/wp\/v2\/media?parent=396"}],"wp:term":[{"taxonomy":"product_cat","embeddable":true,"href":"https:\/\/haag.design\/en\/wp-json\/wp\/v2\/product_cat?post=396"},{"taxonomy":"product_tag","embeddable":true,"href":"https:\/\/haag.design\/en\/wp-json\/wp\/v2\/product_tag?post=396"}],"curies":[{"name":"wp","href":"https:\/\/api.w.org\/{rel}","templated":true}]}}