{"id":380,"date":"2024-12-03T23:07:54","date_gmt":"2024-12-03T22:07:54","guid":{"rendered":"https:\/\/haag.design\/?post_type=product&#038;p=380"},"modified":"2026-04-27T23:10:38","modified_gmt":"2026-04-27T21:10:38","slug":"kakform-hjarta-1","status":"publish","type":"product","link":"https:\/\/haag.design\/en\/store\/kakform-hjarta-1\/","title":{"rendered":"Kakform hj\u00e4rta 1"},"content":{"rendered":"","protected":false},"excerpt":{"rendered":"<p>Kakform i tv\u00e5 delar. En yttre som sk\u00e4r ut formen och sedan en inre st\u00e4mpel som g\u00f6r m\u00f6nster. <\/p>\n<p>OBS. F\u00e4rgerna kan variera. \u00d6nskas en specifik f\u00e4rg kan du kontakta oss f\u00f6rst. <\/p>","protected":false},"featured_media":388,"comment_status":"open","ping_status":"closed","template":"","meta":[],"product_cat":[25],"product_tag":[],"class_list":["post-380","product","type-product","status-publish","has-post-thumbnail","hentry","product_cat-kakformar","product_shipping_class-kakformar"],"jetpack_sharing_enabled":true,"_links":{"self":[{"href":"https:\/\/haag.design\/en\/wp-json\/wp\/v2\/product\/380","targetHints":{"allow":["GET"]}}],"collection":[{"href":"https:\/\/haag.design\/en\/wp-json\/wp\/v2\/product"}],"about":[{"href":"https:\/\/haag.design\/en\/wp-json\/wp\/v2\/types\/product"}],"replies":[{"embeddable":true,"href":"https:\/\/haag.design\/en\/wp-json\/wp\/v2\/comments?post=380"}],"wp:featuredmedia":[{"embeddable":true,"href":"https:\/\/haag.design\/en\/wp-json\/wp\/v2\/media\/388"}],"wp:attachment":[{"href":"https:\/\/haag.design\/en\/wp-json\/wp\/v2\/media?parent=380"}],"wp:term":[{"taxonomy":"product_cat","embeddable":true,"href":"https:\/\/haag.design\/en\/wp-json\/wp\/v2\/product_cat?post=380"},{"taxonomy":"product_tag","embeddable":true,"href":"https:\/\/haag.design\/en\/wp-json\/wp\/v2\/product_tag?post=380"}],"curies":[{"name":"wp","href":"https:\/\/api.w.org\/{rel}","templated":true}]}}