{"id":279,"date":"2024-08-09T17:01:42","date_gmt":"2024-08-09T15:01:42","guid":{"rendered":"https:\/\/haag.design\/store\/olback-for-4-olburkar\/"},"modified":"2025-12-28T15:48:43","modified_gmt":"2025-12-28T14:48:43","slug":"olback-for-4-olburkar","status":"publish","type":"product","link":"https:\/\/haag.design\/en\/store\/olback-for-4-olburkar\/","title":{"rendered":"\u00d6lback f\u00f6r 4 \u00f6lburkar"},"content":{"rendered":"<p>\u00d6lback f\u00f6r 4 \u00f6lburkar<\/p>","protected":false},"excerpt":{"rendered":"<p>En back f\u00f6r 4 st 33 cl burkar. V\u00e4lj logo som ska vara p\u00e5 alla sidor. <\/p>\n<p>Credit: <a href=\"https:\/\/www.thingiverse.com\/johanornestedt\/designs\">https:\/\/www.thingiverse.com\/johanornestedt\/designs<\/a><\/p>","protected":false},"featured_media":281,"comment_status":"open","ping_status":"closed","template":"","meta":[],"product_cat":[31],"product_tag":[],"class_list":["post-279","product","type-product","status-publish","has-post-thumbnail","hentry","product_cat-3d"],"jetpack_sharing_enabled":true,"_links":{"self":[{"href":"https:\/\/haag.design\/en\/wp-json\/wp\/v2\/product\/279","targetHints":{"allow":["GET"]}}],"collection":[{"href":"https:\/\/haag.design\/en\/wp-json\/wp\/v2\/product"}],"about":[{"href":"https:\/\/haag.design\/en\/wp-json\/wp\/v2\/types\/product"}],"replies":[{"embeddable":true,"href":"https:\/\/haag.design\/en\/wp-json\/wp\/v2\/comments?post=279"}],"wp:featuredmedia":[{"embeddable":true,"href":"https:\/\/haag.design\/en\/wp-json\/wp\/v2\/media\/281"}],"wp:attachment":[{"href":"https:\/\/haag.design\/en\/wp-json\/wp\/v2\/media?parent=279"}],"wp:term":[{"taxonomy":"product_cat","embeddable":true,"href":"https:\/\/haag.design\/en\/wp-json\/wp\/v2\/product_cat?post=279"},{"taxonomy":"product_tag","embeddable":true,"href":"https:\/\/haag.design\/en\/wp-json\/wp\/v2\/product_tag?post=279"}],"curies":[{"name":"wp","href":"https:\/\/api.w.org\/{rel}","templated":true}]}}