{"id":177,"date":"2023-12-25T19:02:22","date_gmt":"2023-12-25T18:02:22","guid":{"rendered":"https:\/\/haag.design\/?post_type=product&#038;p=177"},"modified":"2026-03-28T05:00:34","modified_gmt":"2026-03-28T04:00:34","slug":"anpassat-belyst-foto","status":"publish","type":"product","link":"https:\/\/haag.design\/en\/store\/anpassat-belyst-foto\/","title":{"rendered":"Anpassat belyst foto"},"content":{"rendered":"<p><br><strong>Please specify your preferences for the front design, including any desired text and symbols.<\/strong> <br>Denna modell anv\u00e4nder belysning fr\u00e5n Ikea med namn Kapplake.<br>The image will be cropped to square. NOTE. It does not come with a lamp, but must be selected as an extra.<\/p>\n\n\n\n<p><\/p>\n\n\n\n<p><\/p>","protected":false},"excerpt":{"rendered":"<p>Foto inklusive st\u00e4llning som med hj\u00e4lp av belysning f\u00e5r sina detaljer.<\/p>\n<p><\/p>","protected":false},"featured_media":179,"comment_status":"open","ping_status":"closed","template":"","meta":[],"product_cat":[35],"product_tag":[],"class_list":["post-177","product","type-product","status-publish","has-post-thumbnail","hentry","product_cat-lampor"],"jetpack_sharing_enabled":true,"_links":{"self":[{"href":"https:\/\/haag.design\/en\/wp-json\/wp\/v2\/product\/177","targetHints":{"allow":["GET"]}}],"collection":[{"href":"https:\/\/haag.design\/en\/wp-json\/wp\/v2\/product"}],"about":[{"href":"https:\/\/haag.design\/en\/wp-json\/wp\/v2\/types\/product"}],"replies":[{"embeddable":true,"href":"https:\/\/haag.design\/en\/wp-json\/wp\/v2\/comments?post=177"}],"wp:featuredmedia":[{"embeddable":true,"href":"https:\/\/haag.design\/en\/wp-json\/wp\/v2\/media\/179"}],"wp:attachment":[{"href":"https:\/\/haag.design\/en\/wp-json\/wp\/v2\/media?parent=177"}],"wp:term":[{"taxonomy":"product_cat","embeddable":true,"href":"https:\/\/haag.design\/en\/wp-json\/wp\/v2\/product_cat?post=177"},{"taxonomy":"product_tag","embeddable":true,"href":"https:\/\/haag.design\/en\/wp-json\/wp\/v2\/product_tag?post=177"}],"curies":[{"name":"wp","href":"https:\/\/api.w.org\/{rel}","templated":true}]}}