{"id":174,"date":"2023-12-25T18:53:36","date_gmt":"2023-12-25T17:53:36","guid":{"rendered":"https:\/\/haag.design\/store\/anpassat-julgranspynt\/"},"modified":"2025-12-28T15:49:13","modified_gmt":"2025-12-28T14:49:13","slug":"anpassat-julgranspynt","status":"publish","type":"product","link":"https:\/\/haag.design\/en\/store\/anpassat-julgranspynt\/","title":{"rendered":"Customized ornaments"},"content":{"rendered":"<p>Customized text Christmas ornaments. Price is per piece<\/p>\n<p>Under Jul\/Ny\u00e5r \u00e4r det f\u00f6rl\u00e4ngd leveranstid<\/p>","protected":false},"excerpt":{"rendered":"<p>F\u00f6r att h\u00e4nga i julgranen, den \u00e4r 10 cm i diameter. V\u00e4lj vilket namn det ska st\u00e5. <\/p>","protected":false},"featured_media":173,"comment_status":"open","ping_status":"closed","template":"","meta":[],"product_cat":[36],"product_tag":[],"class_list":["post-174","product","type-product","status-publish","has-post-thumbnail","hentry","product_cat-julgranspynt"],"jetpack_sharing_enabled":true,"_links":{"self":[{"href":"https:\/\/haag.design\/en\/wp-json\/wp\/v2\/product\/174","targetHints":{"allow":["GET"]}}],"collection":[{"href":"https:\/\/haag.design\/en\/wp-json\/wp\/v2\/product"}],"about":[{"href":"https:\/\/haag.design\/en\/wp-json\/wp\/v2\/types\/product"}],"replies":[{"embeddable":true,"href":"https:\/\/haag.design\/en\/wp-json\/wp\/v2\/comments?post=174"}],"wp:featuredmedia":[{"embeddable":true,"href":"https:\/\/haag.design\/en\/wp-json\/wp\/v2\/media\/173"}],"wp:attachment":[{"href":"https:\/\/haag.design\/en\/wp-json\/wp\/v2\/media?parent=174"}],"wp:term":[{"taxonomy":"product_cat","embeddable":true,"href":"https:\/\/haag.design\/en\/wp-json\/wp\/v2\/product_cat?post=174"},{"taxonomy":"product_tag","embeddable":true,"href":"https:\/\/haag.design\/en\/wp-json\/wp\/v2\/product_tag?post=174"}],"curies":[{"name":"wp","href":"https:\/\/api.w.org\/{rel}","templated":true}]}}