{"id":52,"date":"2024-01-23T11:54:07","date_gmt":"2024-01-23T10:54:07","guid":{"rendered":"https:\/\/haag.design\/?page_id=52"},"modified":"2024-01-23T11:55:01","modified_gmt":"2024-01-23T10:55:01","slug":"kopvillkor","status":"publish","type":"page","link":"https:\/\/haag.design\/en\/kopvillkor\/","title":{"rendered":"K\u00f6pvillkor"},"content":{"rendered":"<p><strong>ALLM\u00c4NNA K\u00d6PVILLKOR F\u00d6R JENS HAAG AB<\/strong><\/p>\n\n\n\n<ol class=\"wp-block-list\" start=\"1\">\n<li><strong>Parter<\/strong><\/li>\n<\/ol>\n\n\n\n<ol class=\"wp-block-list\" start=\"1\">\n<li>Jens Haag AB<\/li>\n\n\n\n<li>F\u00f6retaget har sitt s\u00e4te i GRILLBY.<\/li>\n\n\n\n<li>F\u00f6retagets postadress \u00e4r F\u00e4ltv\u00e4gen 18.<\/li>\n\n\n\n<li>Kontakta oss via e-post: kontakt@haag.design<\/li>\n<\/ol>\n\n\n\n<ol class=\"wp-block-list\" start=\"2\">\n<li><strong>Best\u00e4llning och Orderbekr\u00e4ftelse<\/strong><\/li>\n<\/ol>\n\n\n\n<ol class=\"wp-block-list\" start=\"2\">\n<li>N\u00e4r du slutf\u00f6rt din best\u00e4llning skickas en orderbekr\u00e4ftelse till din e-postadress.<\/li>\n\n\n\n<li>I bekr\u00e4ftelsen finner du alla uppgifter om produkter, pris, fakturerings- och leveransadress.<\/li>\n\n\n\n<li>Eventuella fel i orderbekr\u00e4ftelsen b\u00f6r rapporteras omedelbart via e-post till kontakt@haag.design.<\/li>\n<\/ol>\n\n\n\n<ol class=\"wp-block-list\" start=\"3\">\n<li><strong>Tillverkningstid och Leverans<\/strong><\/li>\n<\/ol>\n\n\n\n<ol class=\"wp-block-list\" start=\"3\">\n<li>V\u00e5ra normala leveranstider \u00e4r 1-4 dagar.<\/li>\n\n\n\n<li>OBS! Best\u00e4llningar lagda p\u00e5 helger skickas tidigast p\u00e5 m\u00e5ndagen efter.<\/li>\n\n\n\n<li>Tillverkningstid: 1-5 dagar.<\/li>\n\n\n\n<li>Om f\u00f6rseningar i leveransen uppst\u00e5r utan meddelande om l\u00e4ngre leveranstid, v\u00e4nligen kontakta oss p\u00e5 e-postadress: kontakt@haag.design.<\/li>\n<\/ol>\n\n\n\n<ol class=\"wp-block-list\" start=\"4\">\n<li><strong>Priser<\/strong><\/li>\n<\/ol>\n\n\n\n<ol class=\"wp-block-list\" start=\"4\">\n<li>Alla priser i butiken anges i SEK och inkluderar 25% moms.<\/li>\n\n\n\n<li>Vi reserverar oss f\u00f6r pris\u00e4ndringar orsakade av leverant\u00f6rspris\u00e4ndringar, feltryck i prislistan samt felaktigheter i priser beroende p\u00e5 felaktig information. Vi f\u00f6rbeh\u00e5ller oss r\u00e4tten att justera priset.<\/li>\n<\/ol>\n\n\n\n<ol class=\"wp-block-list\" start=\"5\">\n<li><strong>\u00c5ngerr\u00e4tt<\/strong><\/li>\n<\/ol>\n\n\n\n<ol class=\"wp-block-list\" start=\"5\">\n<li>Vid k\u00f6p av varor p\u00e5 webbplatsen har du som kund en lagstadgad 14 dagars \u00e5ngerr\u00e4tt fr\u00e5n det att du har tagit emot en vara som du har best\u00e4llt.<\/li>\n\n\n\n<li>F\u00f6r att utnyttja \u00e5ngerr\u00e4tten, meddela oss via e-post till kontakt@haag.design. Meddelandet ska inneh\u00e5lla ditt namn, adress, e-postadress, ordernummer och tydlig information om vilka varor \u00e5ngerr\u00e4tten g\u00e4ller f\u00f6r.<\/li>\n\n\n\n<li>Du b\u00f6r returnera produkterna inom 14 dagar efter att du meddelat oss. Du st\u00e5r f\u00f6r returfrakten och ansvarar f\u00f6r produkterna vid retur. Vi f\u00f6rbeh\u00e5ller oss r\u00e4tten att dra av en summa f\u00f6r v\u00e4rdeminskning vid anv\u00e4ndning eller skadad produkt.<\/li>\n<\/ol>\n\n\n\n<ol class=\"wp-block-list\" start=\"6\">\n<li><strong>\u00c5ngerr\u00e4tt g\u00e4ller inte vid:<\/strong><\/li>\n<\/ol>\n\n\n\n<ol class=\"wp-block-list\" start=\"6\">\n<li>Produkter f\u00f6rseglade av h\u00e4lso- eller hygiensk\u00e4l d\u00e4r f\u00f6rseglingen brutits.<\/li>\n\n\n\n<li>F\u00f6rseglade ljud- eller bildupptagningar d\u00e4r f\u00f6rseglingen brutits.<\/li>\n\n\n\n<li>Specialtillverkade produkter eller produkter med tydlig personlig pr\u00e4gel.<\/li>\n\n\n\n<li>Tj\u00e4nster d\u00e4r du uttryckligen samtyckt till att tj\u00e4nsten p\u00e5b\u00f6rjas utan \u00e5ngerr\u00e4tt.<\/li>\n\n\n\n<li>Varor som snabbt kan f\u00f6rs\u00e4mras, t.ex. livsmedel.<\/li>\n\n\n\n<li>L\u00f6snummer av tidningar eller tidskrifter.<\/li>\n<\/ol>\n\n\n\n<ol class=\"wp-block-list\" start=\"7\">\n<li><strong>Reklamation och Klagom\u00e5l<\/strong><\/li>\n<\/ol>\n\n\n\n<ol class=\"wp-block-list\" start=\"7\">\n<li>Vi besiktigar alla produkter innan leverans. Vid skadade eller felaktiga produkter, \u00e5tar vi oss att kostnadsfritt \u00e5tg\u00e4rda felet.<\/li>\n\n\n\n<li>Kontakta oss f\u00f6r godk\u00e4nnande innan du returnerar en defekt vara. Reklamationer ska skickas omedelbart efter uppt\u00e4ckt via e-post till kontakt@haag.design.<\/li>\n<\/ol>\n\n\n\n<ol class=\"wp-block-list\" start=\"8\">\n<li><strong>Ansvarsbegr\u00e4nsning<\/strong><\/li>\n<\/ol>\n\n\n\n<ol class=\"wp-block-list\" start=\"8\">\n<li>Vi tar inte ansvar f\u00f6r indirekta skador som kan uppst\u00e5 p\u00e5 grund av produkten.<\/li>\n\n\n\n<li>Vi accepterar inget ansvar f\u00f6r f\u00f6rseningar\/fel till f\u00f6ljd av omst\u00e4ndigheter utanf\u00f6r v\u00e5r kontroll (Force Majeure).<\/li>\n<\/ol>\n\n\n\n<ol class=\"wp-block-list\" start=\"9\">\n<li><strong>Produktinformation<\/strong><\/li>\n<\/ol>\n\n\n\n<ol class=\"wp-block-list\" start=\"9\">\n<li>Vi reserverar oss f\u00f6r eventuella tryckfel p\u00e5 webbplatsen samt slutf\u00f6rs\u00e4ljning av produkter. Vi garanterar inte exakt \u00e5tergivning av produkternas utseende p\u00e5 grund av sk\u00e4rmvariationer.<\/li>\n<\/ol>\n\n\n\n<ol class=\"wp-block-list\" start=\"10\">\n<li><strong>Information om Cookies<\/strong><\/li>\n<\/ol>\n\n\n\n<ol class=\"wp-block-list\" start=\"10\">\n<li>Bes\u00f6kare informeras om anv\u00e4ndning av cookies enligt lag om elektronisk information.<\/li>\n<\/ol>\n\n\n\n<ol class=\"wp-block-list\" start=\"11\">\n<li><strong>Personuppgifter<\/strong><\/li>\n<\/ol>\n\n\n\n<ol class=\"wp-block-list\" start=\"11\">\n<li>Genom att handla hos Jens Haag AB accepterar du v\u00e5r dataskyddspolicy och behandling av dina personuppgifter. Vi s\u00e4ljer eller vidareger aldrig dina uppgifter till tredjepart utan r\u00e4ttslig grund.<\/li>\n\n\n\n<li>Jens Haag AB \u00e4r ansvarig f\u00f6r behandlingen av personuppgifter som du l\u00e4mnat till oss. Personuppgifter behandlas f\u00f6r att hantera din best\u00e4llning och anpassa marknadsf\u00f6ring utifr\u00e5n dina behov.<\/li>\n<\/ol>\n\n\n\n<ol class=\"wp-block-list\" start=\"12\">\n<li><strong>\u00c4ndringar till de Allm\u00e4nna Villkoren<\/strong><\/li>\n<\/ol>\n\n\n\n<ol class=\"wp-block-list\" start=\"12\">\n<li>Vi f\u00f6rbeh\u00e5ller oss r\u00e4tten att n\u00e4r som helst g\u00f6ra \u00e4ndringar i villkoren, som kommer att publiceras online.<\/li>\n<\/ol>\n\n\n\n<ol class=\"wp-block-list\" start=\"13\">\n<li><strong>Tvist och Lagval<\/strong><\/li>\n<\/ol>\n\n\n\n<ol class=\"wp-block-list\" start=\"13\">\n<li>Tvistl\u00f6sning via ARN eller EU-kommissionens plattform.<\/li>\n\n\n\n<li>Vid tvist g\u00e4ller tolkning och till\u00e4mpning av dessa villkor enligt svensk lag.<\/li>\n<\/ol>","protected":false},"excerpt":{"rendered":"<p>ALLM\u00c4NNA K\u00d6PVILLKOR F\u00d6R JENS HAAG AB<\/p>","protected":false},"author":1,"featured_media":0,"parent":0,"menu_order":0,"comment_status":"closed","ping_status":"closed","template":"","meta":{"footnotes":""},"class_list":["post-52","page","type-page","status-publish","hentry"],"jetpack_sharing_enabled":true,"_links":{"self":[{"href":"https:\/\/haag.design\/en\/wp-json\/wp\/v2\/pages\/52","targetHints":{"allow":["GET"]}}],"collection":[{"href":"https:\/\/haag.design\/en\/wp-json\/wp\/v2\/pages"}],"about":[{"href":"https:\/\/haag.design\/en\/wp-json\/wp\/v2\/types\/page"}],"author":[{"embeddable":true,"href":"https:\/\/haag.design\/en\/wp-json\/wp\/v2\/users\/1"}],"replies":[{"embeddable":true,"href":"https:\/\/haag.design\/en\/wp-json\/wp\/v2\/comments?post=52"}],"version-history":[{"count":1,"href":"https:\/\/haag.design\/en\/wp-json\/wp\/v2\/pages\/52\/revisions"}],"predecessor-version":[{"id":264,"href":"https:\/\/haag.design\/en\/wp-json\/wp\/v2\/pages\/52\/revisions\/264"}],"wp:attachment":[{"href":"https:\/\/haag.design\/en\/wp-json\/wp\/v2\/media?parent=52"}],"curies":[{"name":"wp","href":"https:\/\/api.w.org\/{rel}","templated":true}]}}