{"id":113,"date":"2023-12-14T13:54:58","date_gmt":"2023-12-14T12:54:58","guid":{"rendered":"https:\/\/haag.design\/?page_id=113"},"modified":"2023-12-28T16:36:26","modified_gmt":"2023-12-28T15:36:26","slug":"contact","status":"publish","type":"page","link":"https:\/\/haag.design\/en\/contact\/","title":{"rendered":"Contact"},"content":{"rendered":"<div class=\"wp-block-group\"><div class=\"wp-block-group__inner-container is-layout-constrained wp-block-group-is-layout-constrained\">\n<p>Do you have any questions or would you like your own custom design? <\/p>\n\n\n\n<p>Email: kontakt@haag.design<\/p>\n<\/div><\/div>","protected":false},"excerpt":{"rendered":"<p>Har du n\u00e5gra fr\u00e5gor eller har \u00f6nskem\u00e5l p\u00e5 egen anpassad design? Email: kontakt@haag.design<\/p>","protected":false},"author":1,"featured_media":0,"parent":0,"menu_order":0,"comment_status":"closed","ping_status":"closed","template":"","meta":{"footnotes":""},"class_list":["post-113","page","type-page","status-publish","hentry"],"jetpack_sharing_enabled":true,"_links":{"self":[{"href":"https:\/\/haag.design\/en\/wp-json\/wp\/v2\/pages\/113","targetHints":{"allow":["GET"]}}],"collection":[{"href":"https:\/\/haag.design\/en\/wp-json\/wp\/v2\/pages"}],"about":[{"href":"https:\/\/haag.design\/en\/wp-json\/wp\/v2\/types\/page"}],"author":[{"embeddable":true,"href":"https:\/\/haag.design\/en\/wp-json\/wp\/v2\/users\/1"}],"replies":[{"embeddable":true,"href":"https:\/\/haag.design\/en\/wp-json\/wp\/v2\/comments?post=113"}],"version-history":[{"count":5,"href":"https:\/\/haag.design\/en\/wp-json\/wp\/v2\/pages\/113\/revisions"}],"predecessor-version":[{"id":208,"href":"https:\/\/haag.design\/en\/wp-json\/wp\/v2\/pages\/113\/revisions\/208"}],"wp:attachment":[{"href":"https:\/\/haag.design\/en\/wp-json\/wp\/v2\/media?parent=113"}],"curies":[{"name":"wp","href":"https:\/\/api.w.org\/{rel}","templated":true}]}}